{"id":791,"date":"2022-10-01T12:26:07","date_gmt":"2022-10-01T09:26:07","guid":{"rendered":"http:\/\/kaupunkitutkimuksenseura.fi\/?page_id=791"},"modified":"2022-10-01T12:26:07","modified_gmt":"2022-10-01T09:26:07","slug":"seuran-saannot","status":"publish","type":"page","link":"https:\/\/kaupunkitutkimuksenseura.fi\/en\/seuran-saannot\/","title":{"rendered":"Seuran S\u00e4\u00e4nn\u00f6t"},"content":{"rendered":"<ol>\n<li><strong>Yhdistyksen nimi ja kotipaikka<\/strong><\/li>\n<\/ol>\n<p>Yhdistyksen nimi on Suomen kaupunkitutkimuksen seura \u2013 Den finska f\u00f6reningen f\u00f6r stadsforskning ja sen kotipaikka on Helsinki.<\/p>\n<ol start=\"2\">\n<li><strong>Tarkoitus ja toiminnan laatu<\/strong><\/li>\n<\/ol>\n<p>Yhdistyksen tarkoituksena on edist\u00e4\u00e4 ja tuoda esille kaupunkeihin kohdistuvaa monitieteellist\u00e4 tutkimusta ja parantaa j\u00e4sentens\u00e4 kaupunkitutkimukseen liittyvi\u00e4 tietoja ja taitoja.<\/p>\n<p>Tarkoituksensa toteuttamiseksi yhdistys j\u00e4rjest\u00e4\u00e4 esitelm\u00e4- ja keskustelutilaisuuksia, seminaareja ja kongresseja sek\u00e4 harjoittaa tieteellist\u00e4 ja yleistajuista julkaisutoimintaa. Yhdistys yll\u00e4pit\u00e4\u00e4 ja edist\u00e4\u00e4 kaupunkitutkimuksen kansanv\u00e4lisi\u00e4 suhteita.<\/p>\n<p>Toimintansa tukemiseksi yhdistys ker\u00e4\u00e4 j\u00e4senmaksuja ja ottaa vastaan lahjoituksia ja testamentteja sek\u00e4 tieteelliseen toimintaan tarkoitettuja avustuksia.<\/p>\n<ol start=\"3\">\n<li><strong>J\u00e4senet<\/strong><\/li>\n<\/ol>\n<p>Yhdistyksen j\u00e4seneksi voi liitty\u00e4 jokainen, joka hyv\u00e4ksyy yhdistyksen tarkoituksen ja s\u00e4\u00e4nn\u00f6t. J\u00e4senet hyv\u00e4ksyy hakemuksesta yhdistyksen hallitus.<\/p>\n<ol start=\"4\">\n<li><strong>J\u00e4senen eroaminen ja erottaminen<\/strong><\/li>\n<\/ol>\n<p>J\u00e4senell\u00e4 on oikeus erota yhdistyksest\u00e4 ilmoittamalla siit\u00e4 kirjallisesti hallitukselle tai sen puheenjohtajalle taikka ilmoittamalla erosta yhdistyksen kokouksessa merkitt\u00e4v\u00e4ksi p\u00f6yt\u00e4kirjaan.<\/p>\n<p>Hallitus voi erottaa j\u00e4senen yhdistyksest\u00e4, jos j\u00e4sen on j\u00e4tt\u00e4nyt er\u00e4\u00e4ntyneen j\u00e4senmaksunsa maksamatta tai muuten j\u00e4tt\u00e4nyt t\u00e4ytt\u00e4m\u00e4tt\u00e4 ne velvoitukset, joihin h\u00e4n on yhdistykseen liittym\u00e4ll\u00e4 sitoutunut tai on menettelyll\u00e4\u00e4n yhdistyksess\u00e4 tai sen ulkopuolella huomattavasti vahingoittanut yhdistyst\u00e4 tai ei en\u00e4\u00e4 t\u00e4yt\u00e4 laissa taikka yhdistyksen s\u00e4\u00e4nn\u00f6iss\u00e4 mainittuja j\u00e4senyyden ehtoja.<\/p>\n<ol start=\"5\">\n<li><strong>Liittymis- ja j\u00e4senmaksu<\/strong><\/li>\n<\/ol>\n<p>J\u00e4senilt\u00e4 perit\u00e4\u00e4n liittymismaksun ja vuotuisen j\u00e4senmaksun suuruudesta p\u00e4\u00e4tt\u00e4\u00e4 vuosikokous.<\/p>\n<ol start=\"6\">\n<li><strong>Hallitus<\/strong><\/li>\n<\/ol>\n<p>Yhdistyksen asioita hoitaa hallitus, johon kuuluu vuosikokouksessa valitut puheenjohtaja ja viisi (5) muuta varsinaista j\u00e4sent\u00e4 sek\u00e4 viisi (5) varaj\u00e4sent\u00e4.<\/p>\n<p>Hallituksen toimikausi on vuosikokousten v\u00e4linen aika.<\/p>\n<p>Hallitus valitsee keskuudestaan varapuheenjohtajan sek\u00e4 ottaa keskuudestaan tai ulkopuoleltaan sihteerin, rahastonhoitajan ja muut tarvittavat toimihenkil\u00f6t.<\/p>\n<p>Hallitus kokoontuu puheenjohtajan tai h\u00e4nen estyneen\u00e4 ollessaan varapuheenjohtajan kutsusta, kun he katsovat siihen olevan aihetta tai kun v\u00e4hint\u00e4\u00e4n puolet hallituksen j\u00e4senist\u00e4 sit\u00e4 vaatii.<\/p>\n<p>Hallitus on p\u00e4\u00e4t\u00f6svaltainen, kun puolet sen j\u00e4senist\u00e4 ja lis\u00e4ksi puheenjohtaja tai varapuheenjohtaja on l\u00e4sn\u00e4. \u00c4\u00e4nestykset ratkaistaan ehdottomalla enemmist\u00f6ll\u00e4. \u00c4\u00e4nten menness\u00e4 tasan ratkaisee puheenjohtajan \u00e4\u00e4ni, vaaleissa kuitenkin arpa.<\/p>\n<ol start=\"7\">\n<li><strong>Yhdistyksen nimen kirjaaminen<\/strong><\/li>\n<\/ol>\n<p>Yhdistyksen nimen kirjoittaa hallituksen puheenjohtaja, varapuheenjohtaja, sihteeri tai rahastonhoitaja, kaksi yhdess\u00e4.<\/p>\n<ol start=\"8\">\n<li><strong>Tilikausi ja tilintarkastus<\/strong><\/li>\n<\/ol>\n<p>Yhdistyksen tilikausi on kalenterivuosi.<\/p>\n<p>Tilinp\u00e4\u00e4t\u00f6s tarvittavine asiakirjoineen ja hallituksen vuosikertomus on annettava tilintarkastajille viimeist\u00e4\u00e4n kaksi viikkoa ennen vuosikokousta. Tilintarkastajien tulee antaa kirjallinen lausuntonsa viimeist\u00e4\u00e4n viikkoa ennen vuosikokousta hallitukselle.<\/p>\n<ol start=\"9\">\n<li><strong>Yhdistyksen kokoukset<\/strong><\/li>\n<\/ol>\n<p>Yhdistyksen vuosikokous pidet\u00e4\u00e4n vuosittain hallituksen m\u00e4\u00e4r\u00e4\u00e4m\u00e4n\u00e4 p\u00e4iv\u00e4n\u00e4 tammi-toukokuussa.<\/p>\n<p>Ylim\u00e4\u00e4r\u00e4inen kokous pidet\u00e4\u00e4n, kun yhdistyksen kokous niin p\u00e4\u00e4tt\u00e4 tai kun hallitus katsoo siihen olevan aihetta tai kun v\u00e4hint\u00e4\u00e4n kymmenesosa (1\/10) yhdistyksen \u00e4\u00e4nioikeutetuista j\u00e4senist\u00e4 sit\u00e4 hallitukselta erityisesti ilmoitettua asiaa varten kirjallisesti vaatii. Kokous on pidett\u00e4v\u00e4 kolmenkymmenen (30) vuorokauden kuluessa siit\u00e4, kun vaatimus sen pit\u00e4misest\u00e4 on esitetty hallitukselle.<\/p>\n<p>Yhdistyksen kokouksissa jokaisella j\u00e4senell\u00e4 on yksi \u00e4\u00e4ni.<\/p>\n<p>Yhdistyksen kokouksessa p\u00e4\u00e4t\u00f6kseksi tulee, ellei s\u00e4\u00e4nn\u00f6iss\u00e4 ole toisin m\u00e4\u00e4r\u00e4tty, se mielipide, jota on kannattanut yli puolet annetuista \u00e4\u00e4nist\u00e4. \u00c4\u00e4nten menness\u00e4 tasan ratkaisee kokouksen puheenjohtajan \u00e4\u00e4ni, vaaleissa kuitenkin arpa.<\/p>\n<ol start=\"10\">\n<li><strong>Yhdistyksen kokousten koollekutsuminen<\/strong><\/li>\n<\/ol>\n<p>Hallituksen on kutsuttava yhdistyksen kokoukset koolle v\u00e4hint\u00e4\u00e4n seitsem\u00e4\u00e4 vuorokautta ennen kokousta j\u00e4senille postitetulla kirjeill\u00e4, tai yhdistyksen kotipaikkakunnalla ilmestyv\u00e4ss\u00e4 sanomalehdess\u00e4.<\/p>\n<ol start=\"11\">\n<li><strong>Vuosikokous<\/strong><\/li>\n<\/ol>\n<p>Yhdistyksen vuosikokouksessa k\u00e4sitell\u00e4\u00e4n seuraavat asiat:<\/p>\n<ol>\n<li style=\"list-style-type: none;\">\n<ol>\n<li>Kokouksen avaus<\/li>\n<li>Valitaan kokouksen puheenjohtaja, sihteeri, kaksi p\u00f6yt\u00e4kirjan tarkistajaa ja tarvittaessa kaksi \u00e4\u00e4ntenlaskijaa.<\/li>\n<li>Todetaan kokouksen laillisuus ja p\u00e4\u00e4t\u00f6svaltaisuus.<\/li>\n<li>Hyv\u00e4ksyt\u00e4\u00e4n kokouksen esityslista.<\/li>\n<li>Esitet\u00e4\u00e4n tilinp\u00e4\u00e4t\u00f6s, vuosikertomus ja tilintarkastajien lausunto.<\/li>\n<li>P\u00e4\u00e4tet\u00e4\u00e4n tilinp\u00e4\u00e4t\u00f6ksen vahvistamisesta ja vastuuvapauden my\u00f6nt\u00e4misest\u00e4 hallitukselle ja muille vastuuvelvollisille.<\/li>\n<li>Vahvistetaan toimintasuunnitelma, tulo- ja menoarvio sek\u00e4 liittymis- ja j\u00e4senmaksun suuruus.<\/li>\n<li>Valitaan hallituksen puheenjohtaja ja muut j\u00e4senet.<\/li>\n<li>Valitaan yksi tai kaksi tilintarkastajaa ja heille varatilintarkastajat.<\/li>\n<li>K\u00e4sitell\u00e4\u00e4n muut kokouskutsussa mainitut asiat.<\/li>\n<\/ol>\n<\/li>\n<\/ol>\n<p>Mik\u00e4li yhdistyksen j\u00e4sen haluaa saada jonkin asian yhdistyksen vuosikokouksen k\u00e4sitelt\u00e4v\u00e4ksi, on h\u00e4nen ilmoitettava siit\u00e4 kirjallisesti hallitukselle niin hyviss\u00e4 ajoin, ett\u00e4 asia voidaan sis\u00e4llytt\u00e4\u00e4 kokouskutsuun.<\/p>\n<ol start=\"12\">\n<li><strong>S\u00e4\u00e4nt\u00f6jen muuttaminen ja yhdistyksen purkaminen<\/strong><\/li>\n<\/ol>\n<p>P\u00e4\u00e4t\u00f6s s\u00e4\u00e4nt\u00f6jen muuttamisesta ja yhdistyksen purkamisesta on teht\u00e4v\u00e4 yhdistyksen kokouksessa v\u00e4hint\u00e4\u00e4n kolmen nelj\u00e4sosan (3\/4) enemmist\u00f6ll\u00e4 annetuista \u00e4\u00e4nist\u00e4. Kokouskutsussa on mainittava s\u00e4\u00e4nt\u00f6jen muuttamisesta tai yhdistyksen purkamisesta.<\/p>\n<p>Yhdistyksen purkautuessa k\u00e4ytet\u00e4\u00e4n yhdistyksen varat yhdistyksen tarkoituksen edist\u00e4miseen purkamisesta p\u00e4\u00e4tt\u00e4v\u00e4n kokouksen m\u00e4\u00e4r\u00e4\u00e4m\u00e4ll\u00e4 tavalla. Yhdistyksen tullessa lakkautetuksi k\u00e4ytet\u00e4\u00e4n sen varat samaan tarkoitukseen<\/p>","protected":false},"excerpt":{"rendered":"<p>Yhdistyksen nimi ja kotipaikka Yhdistyksen nimi on Suomen kaupunkitutkimuksen seura \u2013 Den finska f\u00f6reningen f\u00f6r stadsforskning ja sen kotipaikka on Helsinki. Tarkoitus ja toiminnan laatu Yhdistyksen tarkoituksena on edist\u00e4\u00e4 ja tuoda esille kaupunkeihin kohdistuvaa monitieteellist\u00e4 tutkimusta ja parantaa j\u00e4sentens\u00e4 kaupunkitutkimukseen liittyvi\u00e4 tietoja ja taitoja. Tarkoituksensa toteuttamiseksi yhdistys j\u00e4rjest\u00e4\u00e4 esitelm\u00e4- ja keskustelutilaisuuksia, seminaareja ja kongresseja sek\u00e4 &hellip; <\/p>\n<p class=\"link-more\"><a href=\"https:\/\/kaupunkitutkimuksenseura.fi\/en\/seuran-saannot\/\" class=\"more-link\">Continue reading<span class=\"screen-reader-text\"> &#8221;Seuran S\u00e4\u00e4nn\u00f6t&#8221;<\/span><\/a><\/p>","protected":false},"author":1,"featured_media":0,"parent":0,"menu_order":0,"comment_status":"closed","ping_status":"closed","template":"","meta":{"spay_email":""},"_links":{"self":[{"href":"https:\/\/kaupunkitutkimuksenseura.fi\/en\/wp-json\/wp\/v2\/pages\/791"}],"collection":[{"href":"https:\/\/kaupunkitutkimuksenseura.fi\/en\/wp-json\/wp\/v2\/pages"}],"about":[{"href":"https:\/\/kaupunkitutkimuksenseura.fi\/en\/wp-json\/wp\/v2\/types\/page"}],"author":[{"embeddable":true,"href":"https:\/\/kaupunkitutkimuksenseura.fi\/en\/wp-json\/wp\/v2\/users\/1"}],"replies":[{"embeddable":true,"href":"https:\/\/kaupunkitutkimuksenseura.fi\/en\/wp-json\/wp\/v2\/comments?post=791"}],"version-history":[{"count":2,"href":"https:\/\/kaupunkitutkimuksenseura.fi\/en\/wp-json\/wp\/v2\/pages\/791\/revisions"}],"predecessor-version":[{"id":793,"href":"https:\/\/kaupunkitutkimuksenseura.fi\/en\/wp-json\/wp\/v2\/pages\/791\/revisions\/793"}],"wp:attachment":[{"href":"https:\/\/kaupunkitutkimuksenseura.fi\/en\/wp-json\/wp\/v2\/media?parent=791"}],"curies":[{"name":"wp","href":"https:\/\/api.w.org\/{rel}","templated":true}]}}