{"id":714,"date":"2022-04-01T16:48:02","date_gmt":"2022-04-01T13:48:02","guid":{"rendered":"http:\/\/kaupunkitutkimuksenseura.fi\/?page_id=714"},"modified":"2026-04-02T10:55:53","modified_gmt":"2026-04-02T07:55:53","slug":"ajankohtaista","status":"publish","type":"page","link":"https:\/\/kaupunkitutkimuksenseura.fi\/en\/ajankohtaista\/","title":{"rendered":"Ajankohtaista"},"content":{"rendered":"<h1><a href=\"https:\/\/kaupunkitutkimuksenseura.fi\/en\/2026\/04\/02\/tervetuloa-suomen-kaupunkitutkimuksen-seuran-vuosikokoukseen-13-4\/\">Tervetuloa Suomen kaupunkitutkimuksen Seuran\u00a0 vuosikokoukseen 13.4.<\/a><\/h1>\n<p>Kokous j\u00e4rjestet\u00e4\u00e4n maanantaina 13.4. klo 15-16 Tieteiden talon Arokallio-salissa. Kokouksen aikana keskustelemme mm. seuran s\u00e4\u00e4nt\u00f6uudistuksista, joten toivomme runsasta osallistumista.<\/p>\n<p>Osallistuminen on mahdollista my\u00f6s zoomin kautta: <a href=\"https:\/\/oulu.zoom.us\/j\/63626569277\" target=\"_blank\" rel=\"noopener noreferrer\">https:\/\/oulu.zoom.us\/j\/63626569277<\/a><\/p>\n<h6><a href=\"https:\/\/kaupunkitutkimuksenseura.fi\/en\/2026\/04\/02\/tervetuloa-suomen-kaupunkitutkimuksen-seuran-vuosikokoukseen-13-4\/\"><strong>Lue lis\u00e4\u00e4 &gt;<\/strong><\/a><\/h6>\n<p>&nbsp;<\/p>\n<h1><span style=\"font-size: 1.5rem;\">Kaupunkitutkimuksen p\u00e4iv\u00e4t 2026 Tampereella 7.-8.5.2026<\/span><\/h1>\n<p class=\"wp-block-heading\">Vuoden 2026 teemana on\u00a0<em>Toivon kaupunki. <\/em>Toivo on erityisen t\u00e4rke\u00e4\u00e4 aikana, jota leimaa ennakoimattomuus ja eriarvoisuuden lis\u00e4\u00e4ntyminen. Ilman toivoa ty\u00f6 ihmisten hyvinvoinnin ja terveyden sek\u00e4 luonnon ekosysteemien ja koko yhteiskunnan resilienssin eteen on mahdotonta.<\/p>\n<ul>\n<li>Esitelm\u00e4kutsu on auki 17.3. asti.<\/li>\n<li>Tarkemmat tiedot: <a href=\"https:\/\/www.kaupunkitutkimuksenpaivat.net\/\">Kaupunkitutkimuksen p\u00e4iv\u00e4t<\/a><\/li>\n<\/ul>\n<p>Tervetuloa verkostoitumaan!<\/p>\n<p>&nbsp;<\/p>\n<p>&nbsp;<\/p>\n<p>24.4.2025 Tapahtuma<\/p>\n<h1><a href=\"https:\/\/kaupunkitutkimuksenseura.fi\/en\/2025\/04\/24\/kaupunkitutkimuksen-paivat-2025-ilmoittautuminen-on-avattu\/\">Kaupunkitutkimuksen p\u00e4iv\u00e4t 2025: ilmoittautuminen on avattu!<\/a><\/h1>\n<p>Kaupunkitutkimuksen p\u00e4iv\u00e4t j\u00e4rjestet\u00e4\u00e4n Tieteiden talolla Helsingiss\u00e4 15.\u201316.5.2025. Vuoden 2025 p\u00e4ivien teemana on <em>Tarinoiden kaupunki<\/em>.<\/p>\n<p>P\u00e4ivien ilmoittautuminen on avattu ja p\u00e4\u00e4ttyy <strong>perjantaina 9.5.2025<\/strong>.<\/p>\n<p><a href=\"https:\/\/kaupunkitutkimuksenseura.fi\/en\/2025\/04\/24\/kaupunkitutkimuksen-paivat-2025-ilmoittautuminen-on-avattu\/\"><strong>Lue lis\u00e4\u00e4 &gt;<\/strong><\/a><\/p>\n<p>12.3.2025\u00a0 Esitelm\u00e4kutsu<\/p>\n<h1><a href=\"https:\/\/kaupunkitutkimuksenseura.fi\/en\/2025\/03\/12\/esitelmakutsu-kaupunkitutkimuksen-paivat-2025\/\">Esitelm\u00e4kutsu: Kaupunkitutkimuksen p\u00e4iv\u00e4t 2025<\/a><\/h1>\n<p>Vuoden 2025 Kaupunkitutkimuksen p\u00e4ivien esitelm\u00e4kutsu on avattu! Ehdotuksia voi l\u00e4hett\u00e4\u00e4 19 eri ty\u00f6ryhm\u00e4\u00e4n <strong>perjantaihin 4.4.2025 menness\u00e4<\/strong>.<\/p>\n<p>Kaupunkitutkimuksen p\u00e4ivien 2025 teema on <em>Tarinoiden kaupunki<\/em>. P\u00e4iv\u00e4t j\u00e4rjestet\u00e4\u00e4n Helsingiss\u00e4 Tieteiden talolla 15.-16.5.2025.<\/p>\n<p><a href=\"https:\/\/kaupunkitutkimuksenseura.fi\/en\/2025\/03\/12\/esitelmakutsu-kaupunkitutkimuksen-paivat-2025\/\"><strong>Lue lis\u00e4\u00e4 &gt;<\/strong><\/a><\/p>\n<p>24.5.2024 Vuosikokous<\/p>\n<h1><a href=\"https:\/\/kaupunkitutkimuksenseura.fi\/en\/2024\/05\/28\/tervetuloa-suomen-kaupunkitutkimuksen-seuran-vuosikokoukseen-31-5-2024\/\">Tervetuloa Suomen Kaupunkitutkimuksen Seuran vuosikokoukseen 31.5.2024<\/a><\/h1>\n<p>Vuoden 2024 vuosikokous j\u00e4rjestet\u00e4\u00e4n <strong>perjantaina 31.5.2023 klo 17.00 alkaen<\/strong>. Kokouspaikkana on Sanomatalon Fazer-kahvila (T\u00f6\u00f6l\u00f6nlahdenkatu 2, 00100 Helsinki). Kokoukseen voi osallistua my\u00f6s et\u00e4n\u00e4.<\/p>\n<p><a href=\"https:\/\/kaupunkitutkimuksenseura.fi\/en\/2024\/05\/28\/tervetuloa-suomen-kaupunkitutkimuksen-seuran-vuosikokoukseen-31-5-2024\/\"><strong>Lue lis\u00e4\u00e4 &gt;<\/strong><\/a><\/p>\n<p>29.4.2024 Tapahtuma<\/p>\n<h1><a href=\"https:\/\/kaupunkitutkimuksenseura.fi\/en\/2024\/04\/29\/kaupunkitutkimuksen-paivat-2024-ilmoittautuminen-on-avattu\/\">Kaupunkitutkimuksen p\u00e4iv\u00e4t 2024: Ilmoittautuminen on avattu!<\/a><\/h1>\n<p>Kaupunkitutkimuksen p\u00e4iv\u00e4t j\u00e4rjestet\u00e4\u00e4n Tieteiden talolla Helsingiss\u00e4 23.-24.5.2024.<\/p>\n<p>Kaupunkitutkimuksen p\u00e4ivien 2024 teema on\u00a0<em>Muuttuva kaupunki<\/em>. P\u00e4iv\u00e4t\u00a0kokoavat yhteen laajasti kaupunkitutkimuksesta ja -suunnittelusta kiinnostuneita alan tutkijoita, ammattilaisia ja opiskelijoita.<\/p>\n<p>Konferenssin ilmoittautuminen on avattu ja p\u00e4\u00e4ttyy <strong>sunnuntaina 12.5.2024<\/strong>.<\/p>\n<p><a href=\"https:\/\/kaupunkitutkimuksenseura.fi\/en\/2024\/04\/29\/kaupunkitutkimuksen-paivat-2024-ilmoittautuminen-on-avattu\/\"><strong>Lue lis\u00e4\u00e4 &gt;<\/strong><\/a><\/p>\n<p>26.3.2024 Esitelm\u00e4kutsu<\/p>\n<h1><a href=\"https:\/\/kaupunkitutkimuksenseura.fi\/en\/2024\/03\/26\/kaupunkitutkimuksen-paivat-2024-esitelmakutsu\/\">Esitelm\u00e4kutsu: Kaupunkitutkimuksen p\u00e4iv\u00e4t 2024<\/a><\/h1>\n<p>Vuoden 2024 Kaupunkitutkimuksen p\u00e4ivien esitelm\u00e4kutsu on avattu! Esitelmien abstrakteja voi l\u00e4hett\u00e4\u00e4 <strong>perjantaihin<\/strong> <strong>12.4.2024 <\/strong>asti. Kaupunkitutkimuksen p\u00e4iv\u00e4t j\u00e4rjestet\u00e4\u00e4n <strong>23.\u201324.5.2024 Helsingiss\u00e4<\/strong> Tieteiden talossa. Vuoden 2024 teemana on <em>Muuttuva kaupunki<\/em>.<\/p>\n<p><a href=\"https:\/\/kaupunkitutkimuksenseura.fi\/en\/2024\/03\/26\/kaupunkitutkimuksen-paivat-2024-esitelmakutsu\/\"><strong>Lue lis\u00e4\u00e4 &gt;<\/strong><\/a><\/p>","protected":false},"excerpt":{"rendered":"<p>Tervetuloa Suomen kaupunkitutkimuksen Seuran\u00a0 vuosikokoukseen 13.4. Kokous j\u00e4rjestet\u00e4\u00e4n maanantaina 13.4. klo 15-16 Tieteiden talon Arokallio-salissa. Kokouksen aikana keskustelemme mm. seuran s\u00e4\u00e4nt\u00f6uudistuksista, joten toivomme runsasta osallistumista. Osallistuminen on mahdollista my\u00f6s zoomin kautta: https:\/\/oulu.zoom.us\/j\/63626569277 Lue lis\u00e4\u00e4 &gt; &nbsp; Kaupunkitutkimuksen p\u00e4iv\u00e4t 2026 Tampereella 7.-8.5.2026 Vuoden 2026 teemana on\u00a0Toivon kaupunki. Toivo on erityisen t\u00e4rke\u00e4\u00e4 aikana, jota leimaa ennakoimattomuus ja &hellip; <\/p>\n<p class=\"link-more\"><a href=\"https:\/\/kaupunkitutkimuksenseura.fi\/en\/ajankohtaista\/\" class=\"more-link\">Continue reading<span class=\"screen-reader-text\"> &#8221;Ajankohtaista&#8221;<\/span><\/a><\/p>","protected":false},"author":1,"featured_media":0,"parent":0,"menu_order":0,"comment_status":"closed","ping_status":"closed","template":"","meta":{"spay_email":""},"_links":{"self":[{"href":"https:\/\/kaupunkitutkimuksenseura.fi\/en\/wp-json\/wp\/v2\/pages\/714"}],"collection":[{"href":"https:\/\/kaupunkitutkimuksenseura.fi\/en\/wp-json\/wp\/v2\/pages"}],"about":[{"href":"https:\/\/kaupunkitutkimuksenseura.fi\/en\/wp-json\/wp\/v2\/types\/page"}],"author":[{"embeddable":true,"href":"https:\/\/kaupunkitutkimuksenseura.fi\/en\/wp-json\/wp\/v2\/users\/1"}],"replies":[{"embeddable":true,"href":"https:\/\/kaupunkitutkimuksenseura.fi\/en\/wp-json\/wp\/v2\/comments?post=714"}],"version-history":[{"count":119,"href":"https:\/\/kaupunkitutkimuksenseura.fi\/en\/wp-json\/wp\/v2\/pages\/714\/revisions"}],"predecessor-version":[{"id":994,"href":"https:\/\/kaupunkitutkimuksenseura.fi\/en\/wp-json\/wp\/v2\/pages\/714\/revisions\/994"}],"wp:attachment":[{"href":"https:\/\/kaupunkitutkimuksenseura.fi\/en\/wp-json\/wp\/v2\/media?parent=714"}],"curies":[{"name":"wp","href":"https:\/\/api.w.org\/{rel}","templated":true}]}}