{"id":7,"date":"2020-02-17T10:36:54","date_gmt":"2020-02-17T08:36:54","guid":{"rendered":"http:\/\/uusi.kaupunkitutkimuksenseura.fi\/?page_id=7"},"modified":"2025-01-27T16:33:53","modified_gmt":"2025-01-27T14:33:53","slug":"etusivu","status":"publish","type":"page","link":"https:\/\/kaupunkitutkimuksenseura.fi\/en\/","title":{"rendered":""},"content":{"rendered":"<div class=\"wp-block-group alignwide\">\r\n<div class=\"wp-block-group__inner-container\">\u00a0<\/div>\r\n<\/div>\r\n<p><strong>\r\n\r\n<\/strong><\/p>\r\n<div class=\"wp-block-columns alignwide\"><strong><\/strong>\r\n<div class=\"wp-block-column\"><strong><\/strong>\r\n<p class=\"has-text-align-left\"><strong>Suomen Kaupunkitutkimuksen Seuran<\/strong> tarkoituksena on edist\u00e4\u00e4 suomalaista monitieteellist\u00e4 kaupunkitutkimusta, toimia tutkijoiden yhdyssiteen\u00e4 ja lis\u00e4t\u00e4 tietoa kaupunkitutkimuksen merkityksest\u00e4. Seura my\u00f6s osallistuu kaupunkitutkijoiden kansainv\u00e4liseen yhteisty\u00f6h\u00f6n. Lis\u00e4ksi seura haluaa her\u00e4tt\u00e4\u00e4 laajempaa yhteiskunnallista keskustelua kaupunki- ja aluepolitiikasta, kaupunkien kehityksest\u00e4, ja urbaanista kulttuurista. Seura j\u00e4rjest\u00e4\u00e4 tutkijatapaamisia, konferensseja ja keskustelutilaisuuksia. Keskeinen keskustelun foorumi ovat vuosittain j\u00e4rjestett\u00e4v\u00e4t Kaupunkitutkimuksen p\u00e4iv\u00e4t.<\/p>\r\n<p>&nbsp;<\/p>\r\n<p style=\"padding-left: 200px;\"><a href=\"https:\/\/kaupunkitutkimuksenseura.fi\/en\/\">Suomi<\/a> \u2014 <a href=\"https:\/\/kaupunkitutkimuksenseura.fi\/en\/huvudsida\/\">Svenska<\/a> \u2014 <a href=\"https:\/\/kaupunkitutkimuksenseura.fi\/en\/mainpage\/\">English<\/a><\/p>\r\n<\/div>\r\n<\/div>\r\n\r\n\r\n\r\n<p>&nbsp;<\/p>\r\n\r\n\r\n\r\n<div class=\"wp-block-group alignwide has-background\" style=\"background-color: #ffffff;\">\r\n<div class=\"wp-block-group__inner-container\">\u00a0<\/div>\r\n<\/div>","protected":false},"excerpt":{"rendered":"<p>\u00a0 Suomen Kaupunkitutkimuksen Seuran tarkoituksena on edist\u00e4\u00e4 suomalaista monitieteellist\u00e4 kaupunkitutkimusta, toimia tutkijoiden yhdyssiteen\u00e4 ja lis\u00e4t\u00e4 tietoa kaupunkitutkimuksen merkityksest\u00e4. Seura my\u00f6s osallistuu kaupunkitutkijoiden kansainv\u00e4liseen yhteisty\u00f6h\u00f6n. Lis\u00e4ksi seura haluaa her\u00e4tt\u00e4\u00e4 laajempaa yhteiskunnallista keskustelua kaupunki- ja aluepolitiikasta, kaupunkien kehityksest\u00e4, ja urbaanista kulttuurista. Seura j\u00e4rjest\u00e4\u00e4 tutkijatapaamisia, konferensseja ja keskustelutilaisuuksia. Keskeinen keskustelun foorumi ovat vuosittain j\u00e4rjestett\u00e4v\u00e4t Kaupunkitutkimuksen p\u00e4iv\u00e4t. &nbsp; Suomi &hellip; <\/p>\n<p class=\"link-more\"><a href=\"https:\/\/kaupunkitutkimuksenseura.fi\/en\/\" class=\"more-link\">Continue reading<span class=\"screen-reader-text\"> &#8221;&#8221;<\/span><\/a><\/p>","protected":false},"author":1,"featured_media":0,"parent":0,"menu_order":0,"comment_status":"closed","ping_status":"closed","template":"","meta":{"spay_email":""},"_links":{"self":[{"href":"https:\/\/kaupunkitutkimuksenseura.fi\/en\/wp-json\/wp\/v2\/pages\/7"}],"collection":[{"href":"https:\/\/kaupunkitutkimuksenseura.fi\/en\/wp-json\/wp\/v2\/pages"}],"about":[{"href":"https:\/\/kaupunkitutkimuksenseura.fi\/en\/wp-json\/wp\/v2\/types\/page"}],"author":[{"embeddable":true,"href":"https:\/\/kaupunkitutkimuksenseura.fi\/en\/wp-json\/wp\/v2\/users\/1"}],"replies":[{"embeddable":true,"href":"https:\/\/kaupunkitutkimuksenseura.fi\/en\/wp-json\/wp\/v2\/comments?post=7"}],"version-history":[{"count":25,"href":"https:\/\/kaupunkitutkimuksenseura.fi\/en\/wp-json\/wp\/v2\/pages\/7\/revisions"}],"predecessor-version":[{"id":963,"href":"https:\/\/kaupunkitutkimuksenseura.fi\/en\/wp-json\/wp\/v2\/pages\/7\/revisions\/963"}],"wp:attachment":[{"href":"https:\/\/kaupunkitutkimuksenseura.fi\/en\/wp-json\/wp\/v2\/media?parent=7"}],"curies":[{"name":"wp","href":"https:\/\/api.w.org\/{rel}","templated":true}]}}