{"id":62,"date":"2020-02-17T12:21:59","date_gmt":"2020-02-17T10:21:59","guid":{"rendered":"http:\/\/uusi.kaupunkitutkimuksenseura.fi\/?page_id=62"},"modified":"2026-04-14T11:25:28","modified_gmt":"2026-04-14T08:25:28","slug":"jaseneksi","status":"publish","type":"page","link":"https:\/\/kaupunkitutkimuksenseura.fi\/en\/jaseneksi\/","title":{"rendered":"J\u00e4seneksi"},"content":{"rendered":"<p>J\u00e4senyytt\u00e4 voi hakea seuran sihteerilt\u00e4: skts@kaupunkitutkimuksenseura.fi\u00a0<\/p>\r\n\r\n\r\n\r\n<p>Ilmoittakaa samalla sek\u00e4 s\u00e4hk\u00f6posti- ett\u00e4 postiosoitteenne. J\u00e4senmaksukirjeet postitetaan kev\u00e4\u00e4n aikana.<\/p>\r\n\r\n\r\n\r\n<p>J\u00e4senmaksun voi maksaa my\u00f6s seuraavin tiedoin:<br \/>Suomen kaupunkitutkimuksen seura,<br \/>Nordea FI57 1528 3000 1094 75 (BIC NDEAFIHH)<br \/>viitenumero 1232<\/p>\r\n\r\n\r\n\r\n<p>J\u00e4senmaksu vuonna 2026 on opiskelijoilta 10 euroa, muilta 20 euroa ja yhteis\u00f6j\u00e4senilt\u00e4 85 euroa.<\/p>\r\n\r\n\r\n\r\n<p>J\u00e4senetuutena alennettu osallistumismaksu vuosittaisille <a href=\"https:\/\/www.kaupunkitutkimuksenpaivat.net\/\" target=\"_blank\" rel=\"noopener\">Kaupunkitutkimuksen p\u00e4iville<\/a>.<\/p>\r\n<p><a href=\"https:\/\/kaupunkitutkimuksenseura.fi\/en\/seuran-saannot\/\">Suomen Kaupunkitutkimuksen Seuran s\u00e4\u00e4nn\u00f6t<\/a><\/p>","protected":false},"excerpt":{"rendered":"<p>J\u00e4senyytt\u00e4 voi hakea seuran sihteerilt\u00e4: skts@kaupunkitutkimuksenseura.fi\u00a0 Ilmoittakaa samalla sek\u00e4 s\u00e4hk\u00f6posti- ett\u00e4 postiosoitteenne. J\u00e4senmaksukirjeet postitetaan kev\u00e4\u00e4n aikana. J\u00e4senmaksun voi maksaa my\u00f6s seuraavin tiedoin:Suomen kaupunkitutkimuksen seura,Nordea FI57 1528 3000 1094 75 (BIC NDEAFIHH)viitenumero 1232 J\u00e4senmaksu vuonna 2026 on opiskelijoilta 10 euroa, muilta 20 euroa ja yhteis\u00f6j\u00e4senilt\u00e4 85 euroa. J\u00e4senetuutena alennettu osallistumismaksu vuosittaisille Kaupunkitutkimuksen p\u00e4iville. Suomen Kaupunkitutkimuksen Seuran &hellip; <\/p>\n<p class=\"link-more\"><a href=\"https:\/\/kaupunkitutkimuksenseura.fi\/en\/jaseneksi\/\" class=\"more-link\">Continue reading<span class=\"screen-reader-text\"> &#8221;J\u00e4seneksi&#8221;<\/span><\/a><\/p>","protected":false},"author":1,"featured_media":0,"parent":0,"menu_order":0,"comment_status":"closed","ping_status":"closed","template":"","meta":{"spay_email":""},"_links":{"self":[{"href":"https:\/\/kaupunkitutkimuksenseura.fi\/en\/wp-json\/wp\/v2\/pages\/62"}],"collection":[{"href":"https:\/\/kaupunkitutkimuksenseura.fi\/en\/wp-json\/wp\/v2\/pages"}],"about":[{"href":"https:\/\/kaupunkitutkimuksenseura.fi\/en\/wp-json\/wp\/v2\/types\/page"}],"author":[{"embeddable":true,"href":"https:\/\/kaupunkitutkimuksenseura.fi\/en\/wp-json\/wp\/v2\/users\/1"}],"replies":[{"embeddable":true,"href":"https:\/\/kaupunkitutkimuksenseura.fi\/en\/wp-json\/wp\/v2\/comments?post=62"}],"version-history":[{"count":10,"href":"https:\/\/kaupunkitutkimuksenseura.fi\/en\/wp-json\/wp\/v2\/pages\/62\/revisions"}],"predecessor-version":[{"id":996,"href":"https:\/\/kaupunkitutkimuksenseura.fi\/en\/wp-json\/wp\/v2\/pages\/62\/revisions\/996"}],"wp:attachment":[{"href":"https:\/\/kaupunkitutkimuksenseura.fi\/en\/wp-json\/wp\/v2\/media?parent=62"}],"curies":[{"name":"wp","href":"https:\/\/api.w.org\/{rel}","templated":true}]}}