{"id":61,"date":"2020-02-17T12:21:59","date_gmt":"2020-02-17T10:21:59","guid":{"rendered":"http:\/\/uusi.kaupunkitutkimuksenseura.fi\/?page_id=61"},"modified":"2024-11-05T15:37:00","modified_gmt":"2024-11-05T13:37:00","slug":"hallitus","status":"publish","type":"page","link":"https:\/\/kaupunkitutkimuksenseura.fi\/en\/hallitus\/","title":{"rendered":"Hallitus"},"content":{"rendered":"<p>Puheenjohtaja: Matti Hannikainen<\/p>\r\n\r\n\r\n\r\n<p>Sihteeri: skts@kaupunkitutkimuksenseura.fi<\/p>\r\n\r\n\r\n\r\n<p>Taloudenhoitaja: Eeva Kotioja<\/p>\r\n\r\n\r\n\r\n<p><strong>Varsinaiset j\u00e4senet <\/strong><\/p>\r\n\r\n\r\n\r\n\r\n\r\n\r\n\r\n\r\n\r\n<p>Milla Juhonen<\/p>\r\n<p>Eeva Kotioja<\/p>\r\n<p>Hanna Tyvel\u00e4<\/p>\r\n\r\n\r\n\r\n<p>Tiina \u00c4ik\u00e4s<\/p>\r\n\r\n\r\n\r\n<p><strong> Varaj\u00e4senet <\/strong><\/p>\r\n\r\n\r\n\r\n<p>Minni Haanp\u00e4\u00e4<\/p>\r\n<p>P\u00e4ivi Leinonen<\/p>\r\n<p>Susanna Tyrv\u00e4inen<\/p>\r\n<p>&nbsp;<\/p>","protected":false},"excerpt":{"rendered":"<p>Puheenjohtaja: Matti Hannikainen Sihteeri: skts@kaupunkitutkimuksenseura.fi Taloudenhoitaja: Eeva Kotioja Varsinaiset j\u00e4senet Milla Juhonen Eeva Kotioja Hanna Tyvel\u00e4 Tiina \u00c4ik\u00e4s Varaj\u00e4senet Minni Haanp\u00e4\u00e4 P\u00e4ivi Leinonen Susanna Tyrv\u00e4inen &nbsp;<\/p>","protected":false},"author":1,"featured_media":0,"parent":0,"menu_order":0,"comment_status":"closed","ping_status":"closed","template":"","meta":{"spay_email":""},"_links":{"self":[{"href":"https:\/\/kaupunkitutkimuksenseura.fi\/en\/wp-json\/wp\/v2\/pages\/61"}],"collection":[{"href":"https:\/\/kaupunkitutkimuksenseura.fi\/en\/wp-json\/wp\/v2\/pages"}],"about":[{"href":"https:\/\/kaupunkitutkimuksenseura.fi\/en\/wp-json\/wp\/v2\/types\/page"}],"author":[{"embeddable":true,"href":"https:\/\/kaupunkitutkimuksenseura.fi\/en\/wp-json\/wp\/v2\/users\/1"}],"replies":[{"embeddable":true,"href":"https:\/\/kaupunkitutkimuksenseura.fi\/en\/wp-json\/wp\/v2\/comments?post=61"}],"version-history":[{"count":10,"href":"https:\/\/kaupunkitutkimuksenseura.fi\/en\/wp-json\/wp\/v2\/pages\/61\/revisions"}],"predecessor-version":[{"id":958,"href":"https:\/\/kaupunkitutkimuksenseura.fi\/en\/wp-json\/wp\/v2\/pages\/61\/revisions\/958"}],"wp:attachment":[{"href":"https:\/\/kaupunkitutkimuksenseura.fi\/en\/wp-json\/wp\/v2\/media?parent=61"}],"curies":[{"name":"wp","href":"https:\/\/api.w.org\/{rel}","templated":true}]}}