{"id":592,"date":"2021-04-16T13:29:36","date_gmt":"2021-04-16T10:29:36","guid":{"rendered":"http:\/\/uusi.kaupunkitutkimuksenseura.fi\/?page_id=592"},"modified":"2025-01-27T16:33:25","modified_gmt":"2025-01-27T14:33:25","slug":"huvudsida","status":"publish","type":"page","link":"https:\/\/kaupunkitutkimuksenseura.fi\/en\/huvudsida\/","title":{"rendered":"Finl\u00e4ndska f\u00f6reningen f\u00f6r stadsforskning"},"content":{"rendered":"<p>Det finl\u00e4ndska f\u00f6reningen f\u00f6r stadsforskning vill befr\u00e4mja multidisciplin\u00e4r urban forskning i Finland, utg\u00f6ra en f\u00f6renande l\u00e4nk mellan forskare och \u00f6ka medvetandet om stadsforskningens betydelse. S\u00e4llskapet deltar i stadsforskarnas internationella samarbete. Ytterligare vill f\u00f6reningen bidra till en bredare, samh\u00e4llelig diskussion om stads- och regionalpolitik, urban utveckling och kultur. F\u00f6reningen anordnar forskarm\u00f6ten, konferenser och diskussionstillf\u00e4llen. Ett centralt diskussionsforum \u00e4r de \u00e5rligen \u00e5terkommande Stadsforskningsdagarna.<\/p>\n<p>&nbsp;<\/p>\n<p style=\"padding-left: 240px;\"><a href=\"https:\/\/kaupunkitutkimuksenseura.fi\/en\/\">Suomi<\/a> \u2014 <a href=\"https:\/\/kaupunkitutkimuksenseura.fi\/en\/huvudsida\/\">Svenska<\/a> \u2014 <a href=\"https:\/\/kaupunkitutkimuksenseura.fi\/en\/mainpage\/\">English<\/a><\/p>","protected":false},"excerpt":{"rendered":"<p>Det finl\u00e4ndska f\u00f6reningen f\u00f6r stadsforskning vill befr\u00e4mja multidisciplin\u00e4r urban forskning i Finland, utg\u00f6ra en f\u00f6renande l\u00e4nk mellan forskare och \u00f6ka medvetandet om stadsforskningens betydelse. S\u00e4llskapet deltar i stadsforskarnas internationella samarbete. Ytterligare vill f\u00f6reningen bidra till en bredare, samh\u00e4llelig diskussion om stads- och regionalpolitik, urban utveckling och kultur. F\u00f6reningen anordnar forskarm\u00f6ten, konferenser och diskussionstillf\u00e4llen. Ett centralt &hellip; <\/p>\n<p class=\"link-more\"><a href=\"https:\/\/kaupunkitutkimuksenseura.fi\/en\/huvudsida\/\" class=\"more-link\">Continue reading<span class=\"screen-reader-text\"> &#8221;Finl\u00e4ndska f\u00f6reningen f\u00f6r stadsforskning&#8221;<\/span><\/a><\/p>","protected":false},"author":1,"featured_media":0,"parent":0,"menu_order":0,"comment_status":"closed","ping_status":"closed","template":"","meta":{"spay_email":""},"_links":{"self":[{"href":"https:\/\/kaupunkitutkimuksenseura.fi\/en\/wp-json\/wp\/v2\/pages\/592"}],"collection":[{"href":"https:\/\/kaupunkitutkimuksenseura.fi\/en\/wp-json\/wp\/v2\/pages"}],"about":[{"href":"https:\/\/kaupunkitutkimuksenseura.fi\/en\/wp-json\/wp\/v2\/types\/page"}],"author":[{"embeddable":true,"href":"https:\/\/kaupunkitutkimuksenseura.fi\/en\/wp-json\/wp\/v2\/users\/1"}],"replies":[{"embeddable":true,"href":"https:\/\/kaupunkitutkimuksenseura.fi\/en\/wp-json\/wp\/v2\/comments?post=592"}],"version-history":[{"count":8,"href":"https:\/\/kaupunkitutkimuksenseura.fi\/en\/wp-json\/wp\/v2\/pages\/592\/revisions"}],"predecessor-version":[{"id":962,"href":"https:\/\/kaupunkitutkimuksenseura.fi\/en\/wp-json\/wp\/v2\/pages\/592\/revisions\/962"}],"wp:attachment":[{"href":"https:\/\/kaupunkitutkimuksenseura.fi\/en\/wp-json\/wp\/v2\/media?parent=592"}],"curies":[{"name":"wp","href":"https:\/\/api.w.org\/{rel}","templated":true}]}}