{"id":584,"date":"2021-04-16T12:21:16","date_gmt":"2021-04-16T09:21:16","guid":{"rendered":"http:\/\/uusi.kaupunkitutkimuksenseura.fi\/?page_id=584"},"modified":"2021-04-16T12:21:28","modified_gmt":"2021-04-16T09:21:28","slug":"aiemmin-julkaistut-tapahtumat","status":"publish","type":"page","link":"https:\/\/kaupunkitutkimuksenseura.fi\/en\/arkisto\/aiemmin-julkaistut-tapahtumat\/","title":{"rendered":"Aiemmin julkaistut tapahtumat"},"content":{"rendered":"<h3><strong>2017<\/strong><\/h3>\n\n\n\n<p style=\"line-height:1.1\"><a href=\"http:\/\/uusi.kaupunkitutkimuksenseura.fi\/2017\/04\/01\/04-2017-ilmoittautuminen-kaupunkitutkimuksen-paiville-on-avattu\/\">04\/2017: Ilmoittautuminen Kaupunkitutkimuksen p\u00e4iville on avattu!<\/a><\/p>\n\n\n\n<p style=\"line-height:1.1\"><a href=\"http:\/\/uusi.kaupunkitutkimuksenseura.fi\/2017\/03\/01\/03-2017-mita-katu-merkitsee-paneelikeskustelu\/\">03\/2017: Mit\u00e4 katu merkitsee -paneelikeskustelu<\/a><\/p>\n\n\n\n<p style=\"line-height:1.1\"><a href=\"http:\/\/uusi.kaupunkitutkimuksenseura.fi\/2017\/02\/01\/02-2017-cfp-kaupunkien-aika-kaupunkitutkimuksen-paivat-2017\/\">02\/2017: CFP: Kaupunkien aika \u2013\u00a0Kaupunkitutkimuksen p\u00e4iv\u00e4t 2017<\/a><\/p>\n\n\n\n<h3><strong>2016<\/strong><\/h3>\n\n\n\n<p style=\"line-height:1.1\"><a href=\"http:\/\/uusi.kaupunkitutkimuksenseura.fi\/2016\/12\/01\/12-2016-tyoryhmakutsu-kaupunkitutkimuksen-paiville-2017\/\">12\/2016: Ty\u00f6ryhm\u00e4kutsu Kaupunkitutkimuksen p\u00e4iville 2017<\/a><\/p>\n\n\n\n<p style=\"line-height:1.1\"><a href=\"http:\/\/uusi.kaupunkitutkimuksenseura.fi\/2016\/04\/01\/04-2016-vuosikokous-18-4-2016\/\">04\/2016: Vuosikokous 18.4.2016<\/a><\/p>\n\n\n\n<p style=\"line-height:1.1\"><a href=\"http:\/\/uusi.kaupunkitutkimuksenseura.fi\/2016\/02\/01\/02-2016-toimijoiden-kaupunki-kaupunkitutkimuksen-paivat-2016\/\">02\/2016: Toimijoiden kaupunki \u2013\u00a0Kaupunkitutkimuksen p\u00e4iv\u00e4t 2016<\/a><\/p>\n\n\n\n<h3><strong>2015<\/strong><\/h3>\n\n\n\n<p style=\"line-height:1\"><a href=\"http:\/\/uusi.kaupunkitutkimuksenseura.fi\/2015\/12\/01\/12-2015-kirjoittajakutsu-joustava-kaupunki\/\">12\/2015: Kirjoittajakutsu: Joustava kaupunki<\/a><\/p>\n\n\n\n<p style=\"line-height:1\"><a href=\"http:\/\/uusi.kaupunkitutkimuksenseura.fi\/2015\/01\/12\/12-2015-call-for-sessions-toimijoiden-kaupunki-kaupunkitutkimuksen-paivat-2016\/\">12\/2015: Call for Sessions: Toimijoiden kaupunki &#8211; Kaupunkitutkimuksen p\u00e4iv\u00e4t 2016<\/a><\/p>\n\n\n\n<p style=\"line-height:1\"><a href=\"http:\/\/uusi.kaupunkitutkimuksenseura.fi\/2015\/12\/01\/12-2015-jasenvierailu-laiturin-kamppi-nayttelyyn-17-12-2015\/\">12\/2015: J\u00e4senvierailu Laiturin Kamppi-n\u00e4yttelyyn 17.12.2015<\/a><\/p>\n\n\n\n<p style=\"line-height:1\"><a href=\"http:\/\/uusi.kaupunkitutkimuksenseura.fi\/2015\/03\/01\/03-2015-vuosikokous-8-4-2015-klo-15-30\/\">03\/2015: Vuosikokous 8.4.2015 klo 15.30<\/a><\/p>\n\n\n\n<p style=\"line-height:1\"><a href=\"http:\/\/uusi.kaupunkitutkimuksenseura.fi\/2015\/02\/01\/02-2015-cfp-kaupunkitutkimuksen-paivat-2015-kaupunki-nayttamona\/\">02\/2015: CFP: Kaupunkitutkimuksen p\u00e4iv\u00e4t 2015 \u2013\u00a0Kaupunki n\u00e4ytt\u00e4m\u00f6n\u00e4<\/a><\/p>\n\n\n\n<p style=\"line-height:1\"><a href=\"http:\/\/uusi.kaupunkitutkimuksenseura.fi\/2015\/01\/01\/01-2015-reinterpreting-cities-13th-international-conference-on-urban-history\/\">01\/2015: Reinterpreting Cities, 13th International Conference on Urban History<\/a><\/p>\n\n\n\n<h3><strong>2014<\/strong><\/h3>\n\n\n\n<p style=\"line-height:1.1\"><a href=\"http:\/\/uusi.kaupunkitutkimuksenseura.fi\/2014\/11\/01\/11-2014-kaupunkitutkimuksen-paivat-2015-tyoryhmakutsu\/\">11\/2014: Kaupunkitutkimuksen p\u00e4iv\u00e4t 2015: ty\u00f6ryhm\u00e4kutsu<\/a><\/p>\n\n\n\n<p style=\"line-height:1.1\"><a href=\"http:\/\/uusi.kaupunkitutkimuksenseura.fi\/2014\/10\/16\/10-2014-luokkaretkella-kaupungissa\/\">10\/2014: Luokkaretkell\u00e4 kaupungissa<\/a><\/p>\n\n\n\n<p style=\"line-height:1.1\"><a href=\"http:\/\/uusi.kaupunkitutkimuksenseura.fi\/2014\/08\/01\/08-2014-syysretkelle-vallisaareen-12-9\/\">08\/2014: Syysretkelle Vallisaareen 12.9.<\/a><\/p>\n\n\n\n<p style=\"line-height:1.1\"><a href=\"http:\/\/uusi.kaupunkitutkimuksenseura.fi\/2014\/04\/01\/04-2014-kaupunkitutkimuksen-paivat-2014\/\">04\/2014: Kaupunkitutkimuksen p\u00e4iv\u00e4t 2014<\/a><\/p>\n\n\n\n<p style=\"line-height:1.1\"><a href=\"http:\/\/uusi.kaupunkitutkimuksenseura.fi\/2014\/03\/01\/03-2014-cfp-kaupunkitutkimuksen-paivat-2014\/\">03\/2014: CFP: Kaupunkitutkimuksen p\u00e4iv\u00e4t 2014<\/a><\/p>\n\n\n\n<p style=\"line-height:1.1\"><a href=\"http:\/\/uusi.kaupunkitutkimuksenseura.fi\/2014\/03\/01\/03-2014-kenelle-rannat-ja-saaret-keskustelutilaisuus-helsingin-ranta-alueiden-kaavoittamisesta\/\">03\/2014: Kenelle rannat ja saaret? Keskustelutilaisuus Helsingin ranta-alueiden kaavoittamisesta<\/a><\/p>\n\n\n\n<h3><strong>2013<\/strong><\/h3>\n\n\n\n<p style=\"line-height:1\"><a href=\"http:\/\/uusi.kaupunkitutkimuksenseura.fi\/2013\/10\/01\/10-2013-kaupunki-uusin-silmin-tyopaja-27-11-2013\/\">10\/2013: Kaupunki uusin silmin -ty\u00f6paja 27.11.2013<\/a><\/p>\n\n\n\n<p style=\"line-height:1\"><a href=\"http:\/\/uusi.kaupunkitutkimuksenseura.fi\/2013\/07\/01\/07-2013-muistin-kaupunki-artikkelikokoelman-julkistamistilaisuus-27-8-2013\/\">07\/2013: Muistin kaupunki -artikkelikokoelman julkistamistilaisuus 27.8.2013<\/a><\/p>\n\n\n\n<p style=\"line-height:1\"><a href=\"http:\/\/uusi.kaupunkitutkimuksenseura.fi\/2013\/04\/01\/04-2013-kaupunkitutkimuksen-paivat-2013-arvostusten-vaikutus-kaupunkikehitykseen\/\">04\/2013: Kaupunkitutkimuksen p\u00e4iv\u00e4t 2013: Arvostusten vaikutus kaupunkikehitykseen<\/a><\/p>\n\n\n\n<p style=\"line-height:1\"><a href=\"http:\/\/uusi.kaupunkitutkimuksenseura.fi\/2013\/04\/01\/04-2013-seuran-vuosikokous-9-4-2013\/\">04\/2013: Seuran vuosikokous 9.4.2013<\/a><\/p>\n\n\n\n<h3><strong>2012<\/strong><\/h3>\n\n\n\n<p style=\"line-height:1\"><a href=\"http:\/\/uusi.kaupunkitutkimuksenseura.fi\/2012\/10\/01\/10-2012-vuosaaren-satama-ekskursio-9-10-2012\/\">10\/2012: Vuosaaren satama -ekskursio 9.10.2012<\/a><\/p>\n\n\n\n<p style=\"line-height:1\"><a href=\"http:\/\/uusi.kaupunkitutkimuksenseura.fi\/2012\/05\/01\/05-2012-kaupunki-kuvassa-kaupunkitutkimuksen-paivat-2012\/\">05\/2012: Kaupunki kuvassa \u2013 Kaupunkitutkimuksen p\u00e4iv\u00e4t 2012<\/a><\/p>\n\n\n\n<p style=\"line-height:1\"><a href=\"http:\/\/uusi.kaupunkitutkimuksenseura.fi\/2012\/02\/01\/02-2012-cfp-kaupunkitutkimuksen-paivat\/\">02\/2012: CFP: Kaupunkitutkimuksen p\u00e4iv\u00e4t<\/a><\/p>\n\n\n\n<h3><strong>2011<\/strong><\/h3>\n\n\n\n<p style=\"line-height:1\"><a href=\"http:\/\/uusi.kaupunkitutkimuksenseura.fi\/2011\/06\/01\/06-2011-kaupunki-uusin-silmin-tyopaja\/\">06\/2011: Kaupunki uusin silmin -ty\u00f6paja<\/a><\/p>\n\n\n\n<h3><strong>2010<\/strong><\/h3>\n\n\n\n<p style=\"line-height:1\"><a href=\"http:\/\/uusi.kaupunkitutkimuksenseura.fi\/2010\/10\/01\/10-2010-tornitaloja-taivaanrannassa\/\">10\/2010: Tornitaloja taivaanrannassa?<\/a><\/p>\n\n\n\n<h3><strong>2009<\/strong><\/h3>\n\n\n\n<p style=\"line-height:1\"><a href=\"http:\/\/uusi.kaupunkitutkimuksenseura.fi\/2009\/11\/01\/11-2009-kenen-helsinki-nyt\/\">11\/2009: Kenen Helsinki nyt?<\/a><\/p>\n\n\n\n<p style=\"line-height:1\"><a href=\"http:\/\/uusi.kaupunkitutkimuksenseura.fi\/2009\/03\/01\/03-2009-keskustakirjasto-paapostiin\/\">03\/2009: Keskustakirjasto P\u00e4\u00e4postiin?<\/a><\/p>\n\n\n\n<h3><strong>2008<\/strong><\/h3>\n\n\n\n<p style=\"line-height:1\"><a href=\"http:\/\/uusi.kaupunkitutkimuksenseura.fi\/2008\/10\/01\/10-2008-kestava-kaupunkirakenne-mita-tiedamme-mita-haluamme\/\">10\/2008: Kest\u00e4v\u00e4 kaupunkirakenne &#8211; mit\u00e4 tied\u00e4mme, mit\u00e4 haluamme?<\/a><\/p>\n\n\n\n<p style=\"line-height:1\"><a href=\"http:\/\/uusi.kaupunkitutkimuksenseura.fi\/2008\/08\/01\/08-2008-vuosikokous-2008\/\">08\/2008: Vuosikokous 2008<\/a><\/p>\n\n\n\n<p style=\"line-height:1\"><a href=\"http:\/\/uusi.kaupunkitutkimuksenseura.fi\/2008\/05\/01\/05-2008-kaupunkitutkimuksen-paivat-2008-kaupunkiutopioita-ja-pahoja-unia\/\">05\/2008: Kaupunkitutkimuksen p\u00e4iv\u00e4t 2008: Kaupunkiutopioita ja pahoja unia<\/a><\/p>\n\n\n\n<p style=\"line-height:1\"><a href=\"http:\/\/uusi.kaupunkitutkimuksenseura.fi\/2008\/01\/01\/01-2008-kaupunkitutkimuksen-talvipaiva-capital-cities-in-postwar-europe-continuity-and-change\/\">01\/2008: Kaupunkitutkimuksen talvip\u00e4iv\u00e4: Capital Cities in Postwar Europe: Continuity and Change<\/a><\/p>\n\n\n\n<h3><strong>2007<\/strong><\/h3>\n\n\n\n<p style=\"line-height:1\"><a href=\"http:\/\/uusi.kaupunkitutkimuksenseura.fi\/2007\/10\/01\/10-2007-kiertoajelu-sisatila-ulkotilassa\/\">10\/2007: Kieroajelu: Sis\u00e4tila ulkotilassa<\/a><\/p>\n\n\n\n<p style=\"line-height:1\"><a href=\"http:\/\/uusi.kaupunkitutkimuksenseura.fi\/2007\/05\/01\/05-2007-vuoden-2007-kaupunkitutkimuksen-paivat\/\">05\/2007: Vuoden 2007 Kaupunkitutkimuksen p\u00e4iv\u00e4t<\/a><\/p>\n\n\n\n<p style=\"line-height:1\"><a href=\"http:\/\/uusi.kaupunkitutkimuksenseura.fi\/2007\/03\/01\/03-2007-keskustelutilaisuus-suojellaan-lahio-mutta-mita-siita-seuraa\/\">03\/2007: Keskustelutilaisuus: Suojellaan l\u00e4hi\u00f6 &#8211; mutta mit\u00e4 siit\u00e4 seuraa?<\/a><\/p>\n\n\n\n<h3><strong>2006<\/strong><\/h3>\n\n\n\n<p style=\"line-height:1\"><a href=\"http:\/\/uusi.kaupunkitutkimuksenseura.fi\/2006\/10\/10\/10-2006-kaupunkitutkimuksen-syyspaiva-tallinna-mielessain-tallinn-on-my-mind\/\">10\/2006: Kaupunkitutkimuksen syysp\u00e4iv\u00e4: &#8221;Tallinna mieless\u00e4in &#8211; Tallinn on my mind&#8221;<\/a><\/p>\n\n\n\n<p style=\"line-height:1\"><a href=\"http:\/\/uusi.kaupunkitutkimuksenseura.fi\/2006\/05\/01\/05-2006-kaupunkitutkimuksen-paivat-2006\/\">05\/2006: Kaupunkitutkimuksen p\u00e4iv\u00e4t 2006<\/a><\/p>\n\n\n\n<p style=\"line-height:1\"><a href=\"http:\/\/uusi.kaupunkitutkimuksenseura.fi\/2006\/03\/01\/03-2006-vuosikokous-2006\/\">03\/2006: Vuosikokous 2006<\/a><\/p>\n\n\n\n<h3><strong>2005<\/strong><\/h3>\n\n\n\n<p style=\"line-height:1\"><a href=\"http:\/\/uusi.kaupunkitutkimuksenseura.fi\/2005\/11\/01\/11-2005-luentoilta-pahan-paivan-varalle-kaupunkien-varautuminen-uhkiin\/\">11\/2005: Luentoilta: Pahan p\u00e4iv\u00e4n varalle &#8211; kaupunkien varautuminen uhkiin<\/a><\/p>\n\n\n\n<p style=\"line-height:1\"><a href=\"http:\/\/uusi.kaupunkitutkimuksenseura.fi\/2005\/05\/01\/05-2005-vuosikokous-26-5-2005\/\">05\/2005: Vuosikokous 26.5.2005<\/a><\/p>\n\n\n\n<p style=\"line-height:1\"><a href=\"http:\/\/uusi.kaupunkitutkimuksenseura.fi\/2005\/04\/01\/04-2005-kaupunkitutkimuksen-paivat-21-22-4-2005\/\">04\/2005: Kaupunkitutkimuksen p\u00e4iv\u00e4t 21.-22.4.2005<\/a><\/p>\n\n\n\n<p style=\"line-height:1\"><a href=\"http:\/\/uusi.kaupunkitutkimuksenseura.fi\/2005\/01\/01\/01-2005-kaupunkitutkimuksen-talvipaiva-10-1-2005\/\">01\/2005: Kaupunkitutkimuksen talvip\u00e4iv\u00e4 10.1.2005<\/a><\/p>","protected":false},"excerpt":{"rendered":"<p>2017 04\/2017: Ilmoittautuminen Kaupunkitutkimuksen p\u00e4iville on avattu! 03\/2017: Mit\u00e4 katu merkitsee -paneelikeskustelu 02\/2017: CFP: Kaupunkien aika \u2013\u00a0Kaupunkitutkimuksen p\u00e4iv\u00e4t 2017 2016 12\/2016: Ty\u00f6ryhm\u00e4kutsu Kaupunkitutkimuksen p\u00e4iville 2017 04\/2016: Vuosikokous 18.4.2016 02\/2016: Toimijoiden kaupunki \u2013\u00a0Kaupunkitutkimuksen p\u00e4iv\u00e4t 2016 2015 12\/2015: Kirjoittajakutsu: Joustava kaupunki 12\/2015: Call for Sessions: Toimijoiden kaupunki &#8211; Kaupunkitutkimuksen p\u00e4iv\u00e4t 2016 12\/2015: J\u00e4senvierailu Laiturin Kamppi-n\u00e4yttelyyn 17.12.2015 03\/2015: &hellip; <\/p>\n<p class=\"link-more\"><a href=\"https:\/\/kaupunkitutkimuksenseura.fi\/en\/arkisto\/aiemmin-julkaistut-tapahtumat\/\" class=\"more-link\">Continue reading<span class=\"screen-reader-text\"> &#8221;Aiemmin julkaistut tapahtumat&#8221;<\/span><\/a><\/p>","protected":false},"author":1,"featured_media":0,"parent":103,"menu_order":0,"comment_status":"closed","ping_status":"closed","template":"","meta":{"spay_email":""},"_links":{"self":[{"href":"https:\/\/kaupunkitutkimuksenseura.fi\/en\/wp-json\/wp\/v2\/pages\/584"}],"collection":[{"href":"https:\/\/kaupunkitutkimuksenseura.fi\/en\/wp-json\/wp\/v2\/pages"}],"about":[{"href":"https:\/\/kaupunkitutkimuksenseura.fi\/en\/wp-json\/wp\/v2\/types\/page"}],"author":[{"embeddable":true,"href":"https:\/\/kaupunkitutkimuksenseura.fi\/en\/wp-json\/wp\/v2\/users\/1"}],"replies":[{"embeddable":true,"href":"https:\/\/kaupunkitutkimuksenseura.fi\/en\/wp-json\/wp\/v2\/comments?post=584"}],"version-history":[{"count":2,"href":"https:\/\/kaupunkitutkimuksenseura.fi\/en\/wp-json\/wp\/v2\/pages\/584\/revisions"}],"predecessor-version":[{"id":587,"href":"https:\/\/kaupunkitutkimuksenseura.fi\/en\/wp-json\/wp\/v2\/pages\/584\/revisions\/587"}],"up":[{"embeddable":true,"href":"https:\/\/kaupunkitutkimuksenseura.fi\/en\/wp-json\/wp\/v2\/pages\/103"}],"wp:attachment":[{"href":"https:\/\/kaupunkitutkimuksenseura.fi\/en\/wp-json\/wp\/v2\/media?parent=584"}],"curies":[{"name":"wp","href":"https:\/\/api.w.org\/{rel}","templated":true}]}}